{"id":16513,"date":"2025-08-24T08:55:35","date_gmt":"2025-08-24T08:55:35","guid":{"rendered":"https:\/\/greecegoldenvisa.com.gr\/yunanistan-altin-vize-rehberini-indirin\/"},"modified":"2026-01-22T12:21:37","modified_gmt":"2026-01-22T12:21:37","slug":"yunanistan-altin-vize-rehberini-indirin","status":"publish","type":"page","link":"https:\/\/greecegoldenvisa.com.gr\/tr\/yunanistan-altin-vize-rehberini-indirin\/","title":{"rendered":"Yunanistan Alt\u0131n Vize Rehberini \u0130ndirin"},"content":{"rendered":"\t\t<div data-elementor-type=\"wp-page\" data-elementor-id=\"16513\" class=\"elementor elementor-16513 elementor-12837\" data-elementor-post-type=\"page\">\n\t\t\t\t\t\t<section class=\"elementor-section elementor-top-section elementor-element elementor-element-fb59443 elementor-section-boxed elementor-section-height-default elementor-section-height-default\" data-id=\"fb59443\" data-element_type=\"section\" data-e-type=\"section\" data-settings=\"{&quot;background_background&quot;:&quot;classic&quot;}\">\n\t\t\t\t\t\t\t<div class=\"elementor-background-overlay\"><\/div>\n\t\t\t\t\t\t\t<div class=\"elementor-container elementor-column-gap-default\">\n\t\t\t\t\t<div class=\"elementor-column elementor-col-100 elementor-top-column elementor-element elementor-element-dac4277\" data-id=\"dac4277\" data-element_type=\"column\" data-e-type=\"column\">\n\t\t\t<div class=\"elementor-widget-wrap elementor-element-populated\">\n\t\t\t\t\t\t<div class=\"elementor-element elementor-element-f27d81a elementor-widget elementor-widget-hub_fancy_heading\" data-id=\"f27d81a\" data-element_type=\"widget\" data-e-type=\"widget\" data-widget_type=\"hub_fancy_heading.default\">\n\t\t\t\t<div class=\"elementor-widget-container\">\n\t\t\t\t\t\n\t\t<div id=\"ld-fancy-heading-69fb47ffc1041\" class=\"ld-fancy-heading pos-rel\">\n\t\t\t<h6 class=\"ld-fh-element d-inline-block pos-rel  elementor-heading-title lqd-highlight-classic lqd-highlight-grow-left h6\"  > Yunanistan Rehberi<\/h6>\t\t<\/div>\n\n\t\t\t\t\t\t<\/div>\n\t\t\t\t<\/div>\n\t\t\t\t<section class=\"elementor-section elementor-inner-section elementor-element elementor-element-6ca94a8 elementor-section-boxed elementor-section-height-default elementor-section-height-default\" data-id=\"6ca94a8\" data-element_type=\"section\" data-e-type=\"section\">\n\t\t\t\t\t\t<div class=\"elementor-container elementor-column-gap-default\">\n\t\t\t\t\t<div class=\"elementor-column elementor-col-50 elementor-inner-column elementor-element elementor-element-dfde708\" data-id=\"dfde708\" data-element_type=\"column\" data-e-type=\"column\">\n\t\t\t<div class=\"elementor-widget-wrap elementor-element-populated\">\n\t\t\t\t\t\t<div class=\"elementor-element elementor-element-c14500e elementor-widget elementor-widget-hub_fancy_heading\" data-id=\"c14500e\" data-element_type=\"widget\" data-e-type=\"widget\" data-widget_type=\"hub_fancy_heading.default\">\n\t\t\t\t<div class=\"elementor-widget-container\">\n\t\t\t\t\t\n\t\t<div id=\"ld-fancy-heading-69fb47ffc2ddd\" class=\"ld-fancy-heading pos-rel\">\n\t\t\t<h1 class=\"ld-fh-element d-inline-block pos-rel  elementor-heading-title lqd-highlight-classic lqd-highlight-grow-left h1\"  > Yunanistan Alt\u0131n Vize Rehberi<\/h1>\t\t<\/div>\n\n\t\t\t\t\t\t<\/div>\n\t\t\t\t<\/div>\n\t\t\t\t\t<\/div>\n\t\t<\/div>\n\t\t\t\t<div class=\"elementor-column elementor-col-50 elementor-inner-column elementor-element elementor-element-31ab0e5\" data-id=\"31ab0e5\" data-element_type=\"column\" data-e-type=\"column\">\n\t\t\t<div class=\"elementor-widget-wrap elementor-element-populated\">\n\t\t\t\t\t\t<div class=\"elementor-element elementor-element-dd0ca9f elementor-absolute elementor-widget elementor-widget-image\" data-id=\"dd0ca9f\" data-element_type=\"widget\" data-e-type=\"widget\" data-settings=\"{&quot;_position&quot;:&quot;absolute&quot;}\" data-widget_type=\"image.default\">\n\t\t\t\t<div class=\"elementor-widget-container\">\n\t\t\t\t\t\t\t\t\t\t\t\t\t\t\t<img fetchpriority=\"high\" decoding=\"async\" width=\"2000\" height=\"2000\" src=\"https:\/\/greecegoldenvisa.com.gr\/wp-content\/uploads\/2025\/08\/golden-visa-guide-greece.webp\" class=\"attachment-full size-full wp-image-16517\" alt=\"yunanistan alt\u0131n vize rehberi\" srcset=\"https:\/\/greecegoldenvisa.com.gr\/wp-content\/uploads\/2025\/08\/golden-visa-guide-greece.webp 2000w, https:\/\/greecegoldenvisa.com.gr\/wp-content\/uploads\/2025\/08\/golden-visa-guide-greece-300x300.webp 300w, https:\/\/greecegoldenvisa.com.gr\/wp-content\/uploads\/2025\/08\/golden-visa-guide-greece-1024x1024.webp 1024w, https:\/\/greecegoldenvisa.com.gr\/wp-content\/uploads\/2025\/08\/golden-visa-guide-greece-150x150.webp 150w, https:\/\/greecegoldenvisa.com.gr\/wp-content\/uploads\/2025\/08\/golden-visa-guide-greece-1536x1536.webp 1536w, https:\/\/greecegoldenvisa.com.gr\/wp-content\/uploads\/2025\/08\/golden-visa-guide-greece-320x320.webp 320w, https:\/\/greecegoldenvisa.com.gr\/wp-content\/uploads\/2025\/08\/golden-visa-guide-greece-760x760.webp 760w\" sizes=\"(max-width: 2000px) 100vw, 2000px\" title=\"\">\t\t\t\t\t\t\t\t\t\t\t\t\t\t\t<\/div>\n\t\t\t\t<\/div>\n\t\t\t\t\t<\/div>\n\t\t<\/div>\n\t\t\t\t\t<\/div>\n\t\t<\/section>\n\t\t\t\t\t<\/div>\n\t\t<\/div>\n\t\t\t\t\t<\/div>\n\t\t<\/section>\n\t\t<div class=\"elementor-element elementor-element-3d0b41b e-flex e-con-boxed e-con e-parent\" data-id=\"3d0b41b\" data-element_type=\"container\" data-e-type=\"container\">\n\t\t\t\t\t<div class=\"e-con-inner\">\n\t\t\t\t<div class=\"elementor-element elementor-element-347f36b fluent-form-widget-step-header-yes fluent-form-widget-step-progressbar-yes fluentform-widget-submit-button-custom elementor-widget elementor-widget-fluent-form-widget\" data-id=\"347f36b\" data-element_type=\"widget\" data-e-type=\"widget\" data-widget_type=\"fluent-form-widget.default\">\n\t\t\t\t<div class=\"elementor-widget-container\">\n\t\t\t\t\t\n            <div class=\"fluentform-widget-wrapper fluentform-widget-align-default\">\n\n            \n            <div class='fluentform ff-default fluentform_wrapper_13 ffs_default_wrap'><form data-form_id=\"13\" id=\"fluentform_13\" class=\"frm-fluent-form fluent_form_13 ff-el-form-top ff_form_instance_13_1 ff-form-loading ffs_default\" data-form_instance=\"ff_form_instance_13_1\" method=\"POST\" data-turnstile_key=\"0x4AAAAAABuKLspN-A7p638x\" ><fieldset  style=\"border: none!important;margin: 0!important;padding: 0!important;background-color: transparent!important;box-shadow: none!important;outline: none!important; min-inline-size: 100%;\">\n                    <legend class=\"ff_screen_reader_title\" style=\"display: block; margin: 0!important;padding: 0!important;height: 0!important;text-indent: -999999px;width: 0!important;overflow:hidden;\">Greece Golden Visa Brochure Download (TR)<\/legend><input type='hidden' name='__fluent_form_embded_post_id' value='16513' \/><input type=\"hidden\" id=\"_fluentform_13_fluentformnonce\" name=\"_fluentform_13_fluentformnonce\" value=\"225340ef9f\" \/><input type=\"hidden\" name=\"_wp_http_referer\" value=\"\/tr\/wp-json\/wp\/v2\/pages\/16513\" \/><input type=\"hidden\" name=\"GR1\" value=\"GR1\" data-name=\"GR1\" ><div class='ff-el-group  ff-custom_html' tabindex='-1' data-name=\"custom_html-13_1\" ><p>Yunanistan Alt\u0131n Vize Bro\u015f\u00fcr\u00fcn\u00fc \u0130ndirin. Tam program rehberi: uygunluk, maliyetler, m\u00fclkiyet kurallar\u0131, aile ba\u015fvurusu ve 3 ayl\u0131k s\u00fcrecimiz. \u0130ndirmek i\u00e7in k\u0131sa formu doldurun.<\/p><\/div><div class='ff-el-group'><div class=\"ff-el-input--label ff-el-is-required asterisk-right\"><label for='ff_13_full_name' id='label_ff_13_full_name' >Ad Soyad<\/label><\/div><div class='ff-el-input--content'><input type=\"text\" name=\"full_name\" class=\"ff-el-form-control\" placeholder=\"Tam Ad\" data-name=\"full_name\" id=\"ff_13_full_name\"  aria-invalid=\"false\" aria-required=true><\/div><\/div><div class='ff-el-group'><div class=\"ff-el-input--label ff-el-is-required asterisk-right\"><label for='ff_13_email' id='label_ff_13_email' aria-label=\"E-posta\">E-posta<\/label><\/div><div class='ff-el-input--content'><input type=\"email\" name=\"email\" id=\"ff_13_email\" class=\"ff-el-form-control\" placeholder=\"siz@ornek.com\" data-name=\"email\"  aria-invalid=\"false\" aria-required=true><\/div><\/div><div class='ff-el-group'><div class=\"ff-el-input--label ff-el-is-required asterisk-right\"><label for='ff_13_phone' id='label_ff_13_phone' aria-label=\"Telefon\">Telefon<\/label><\/div><div class='ff-el-input--content'><input name=\"phone\" class=\"ff-el-form-control ff-el-phone ff_el_with_extended_validation\" type=\"tel\" placeholder=\"+30 6XX 123 4567\" data-name=\"phone\" id=\"ff_13_phone\" inputmode=\"tel\"  aria-invalid='false' aria-required=true><\/div><\/div><input type=\"hidden\" name=\"utm\" value=\"\" data-name=\"utm\" ><input type=\"hidden\" name=\"_fluentform_form_id\" data-name=\"_fluentform_form_id\" ><div class='ff-el-group  ff-custom_html' tabindex='-1' data-name=\"custom_html-13_2\" ><p>PDF'i e-posta ile g\u00f6nderece\u011fiz ve gerekirse takip edece\u011fiz. Bir i\u015f g\u00fcn\u00fc i\u00e7inde yan\u0131t verin.<\/p><\/div><div class='ff-el-group ' ><div class='ff-el-input--content'><div data-fluent_id='13' name='cf-turnstile-response'><div\n\t\tdata-sitekey='0x4AAAAAABuKLspN-A7p638x'\n\t\tdata-theme='auto'\n\t\tid='fluentform-turnstile-13-1'\n\t\tclass='ff-el-turnstile cf-turnstile'\n\t\tdata-appearance='always'><\/div><\/div><\/div><\/div><div class='ff-el-group ff-text-left ff_submit_btn_wrapper ff_submit_btn_wrapper_custom'><button class=\"ff-btn ff-btn-submit ff-btn-md ff_btn_style wpf_has_custom_css\" type=\"submit\" name=\"custom_submit_button-13_3\" data-name=\"custom_submit_button-13_3\"  aria-label=\"Talebi Kaydet\">Talebi Kaydet<\/button><style>form.fluent_form_13 .wpf_has_custom_css.ff-btn-submit { background-color:#1a7efb;border-color:#1a7efb;color:#ffffff;min-width:100%; }form.fluent_form_13 .wpf_has_custom_css.ff-btn-submit:hover { background-color:#ffffff;border-color:#1a7efb;color:#1a7efb;min-width:100%; } <\/style><\/div><\/fieldset><\/form><div id='fluentform_13_errors' class='ff-errors-in-stack ff_form_instance_13_1 ff-form-loading_errors ff_form_instance_13_1_errors'><\/div><\/div>            <script type=\"text\/javascript\">\n                window.fluent_form_ff_form_instance_13_1 = {\"id\":\"13\",\"ajaxUrl\":\"https:\\\/\\\/greecegoldenvisa.com.gr\\\/wp-admin\\\/admin-ajax.php\",\"settings\":{\"layout\":{\"labelPlacement\":\"top\",\"asteriskPlacement\":\"asterisk-right\",\"helpMessagePlacement\":\"with_label\",\"errorMessagePlacement\":\"inline\",\"cssClassName\":\"\"},\"restrictions\":{\"denyEmptySubmission\":{\"enabled\":false}}},\"form_instance\":\"ff_form_instance_13_1\",\"form_id_selector\":\"fluentform_13\",\"rules\":{\"full_name\":{\"required\":{\"value\":true,\"message\":\"This field is required\",\"global_message\":\"This field is required\",\"global\":true}},\"email\":{\"required\":{\"value\":true,\"message\":\"This field is required\",\"global_message\":\"This field is required\",\"global\":true},\"email\":{\"value\":true,\"message\":\"This field must contain a valid email\",\"global_message\":\"This field must contain a valid email\",\"global\":true}},\"phone\":{\"required\":{\"value\":true,\"global\":true,\"message\":\"This field is required\",\"global_message\":\"This field is required\"},\"valid_phone_number\":{\"value\":true,\"global\":true,\"message\":\"Phone number is not valid\",\"global_message\":\"Phone number is not valid\"}},\"cf-turnstile-response\":[]},\"debounce_time\":300};\n                            <\/script>\n                        <\/div>\n\n            \t\t\t\t<\/div>\n\t\t\t\t<\/div>\n\t\t\t\t\t<\/div>\n\t\t\t\t<\/div>\n\t\t\t\t<\/div>\n\t\t","protected":false},"excerpt":{"rendered":"<p>Yunanistan Rehberi Yunanistan Alt\u0131n Vize Rehberi Greece Golden Visa Brochure Download (TR) Newsletter Yunanistan Alt\u0131n Vize Bro\u015f\u00fcr\u00fcn\u00fc \u0130ndirin. Tam program rehberi: uygunluk, maliyetler, m\u00fclkiyet kurallar\u0131, aile ba\u015fvurusu ve 3 ayl\u0131k s\u00fcrecimiz. \u0130ndirmek i\u00e7in k\u0131sa formu doldurun. Ad SoyadE-postaTelefonBu program\u0131n minimum 250.000 \u20ac yat\u0131r\u0131m gerektirdi\u011fini kabul ediyorum. Bu program\u0131n minimum 250.000 \u20ac yat\u0131r\u0131m gerektirdi\u011fini kabul ediyorum. [&hellip;]<\/p>\n","protected":false},"author":1,"featured_media":0,"parent":0,"menu_order":0,"comment_status":"closed","ping_status":"closed","template":"","meta":{"footnotes":""},"class_list":["post-16513","page","type-page","status-publish","hentry"],"_links":{"self":[{"href":"https:\/\/greecegoldenvisa.com.gr\/tr\/wp-json\/wp\/v2\/pages\/16513","targetHints":{"allow":["GET"]}}],"collection":[{"href":"https:\/\/greecegoldenvisa.com.gr\/tr\/wp-json\/wp\/v2\/pages"}],"about":[{"href":"https:\/\/greecegoldenvisa.com.gr\/tr\/wp-json\/wp\/v2\/types\/page"}],"author":[{"embeddable":true,"href":"https:\/\/greecegoldenvisa.com.gr\/tr\/wp-json\/wp\/v2\/users\/1"}],"replies":[{"embeddable":true,"href":"https:\/\/greecegoldenvisa.com.gr\/tr\/wp-json\/wp\/v2\/comments?post=16513"}],"version-history":[{"count":0,"href":"https:\/\/greecegoldenvisa.com.gr\/tr\/wp-json\/wp\/v2\/pages\/16513\/revisions"}],"wp:attachment":[{"href":"https:\/\/greecegoldenvisa.com.gr\/tr\/wp-json\/wp\/v2\/media?parent=16513"}],"curies":[{"name":"wp","href":"https:\/\/api.w.org\/{rel}","templated":true}]}}