{"id":16536,"date":"2025-09-10T19:00:29","date_gmt":"2025-09-10T19:00:29","guid":{"rendered":"https:\/\/greecegoldenvisa.com.gr\/randevu-formu\/"},"modified":"2026-01-21T13:03:20","modified_gmt":"2026-01-21T13:03:20","slug":"randevu-formu","status":"publish","type":"page","link":"https:\/\/greecegoldenvisa.com.gr\/tr\/randevu-formu\/","title":{"rendered":"randevu formu"},"content":{"rendered":"\t\t<div data-elementor-type=\"wp-page\" data-elementor-id=\"16536\" class=\"elementor elementor-16536 elementor-13247\" data-elementor-post-type=\"page\">\n\t\t\t\t<div class=\"elementor-element elementor-element-94a9677 elementor-hidden-tablet elementor-hidden-mobile e-flex e-con-boxed e-con e-parent\" data-id=\"94a9677\" data-element_type=\"container\" data-e-type=\"container\" data-settings=\"{&quot;background_background&quot;:&quot;classic&quot;}\">\n\t\t\t\t\t<div class=\"e-con-inner\">\n\t\t<div class=\"elementor-element elementor-element-1718ffd e-con-full e-flex e-con e-child\" data-id=\"1718ffd\" data-element_type=\"container\" data-e-type=\"container\">\n\t\t\t\t<div class=\"elementor-element elementor-element-58f1f32 elementor-widget elementor-widget-image\" data-id=\"58f1f32\" data-element_type=\"widget\" data-e-type=\"widget\" data-widget_type=\"image.default\">\n\t\t\t\t<div class=\"elementor-widget-container\">\n\t\t\t\t\t\t\t\t\t\t\t\t\t\t\t\t<a href=\"https:\/\/greecegoldenvisa.com.gr\/tr\/\">\n\t\t\t\t\t\t\t<img decoding=\"async\" src=\"https:\/\/greecegoldenvisa.com.gr\/wp-content\/uploads\/2025\/07\/Greece-Golden-Visa-logo-5024e6.svg\" title=\"\" alt=\"\" loading=\"lazy\">\t\t\t\t\t\t\t\t<\/a>\n\t\t\t\t\t\t\t\t\t\t\t\t\t\t\t<\/div>\n\t\t\t\t<\/div>\n\t\t\t\t<\/div>\n\t\t\t\t\t<\/div>\n\t\t\t\t<\/div>\n\t\t<div class=\"elementor-element elementor-element-e8accf1 e-flex e-con-boxed e-con e-parent\" data-id=\"e8accf1\" data-element_type=\"container\" data-e-type=\"container\">\n\t\t\t\t\t<div class=\"e-con-inner\">\n\t\t\t\t<div class=\"elementor-element elementor-element-df2d138 elementor-widget elementor-widget-html\" data-id=\"df2d138\" data-element_type=\"widget\" data-e-type=\"widget\" data-widget_type=\"html.default\">\n\t\t\t\t<div class=\"elementor-widget-container\">\n\t\t\t\t\t<!-- NeetoCal inline embed code begins -->\r\n<div style=\"width: 100%;\" id=\"inline-embed-container\"><\/div>\r\n\r\n<script>\r\n  window.neetoCal = window.neetoCal || {\r\n    embed: function () { (neetoCal.q = neetoCal.q || []).push(arguments); }\r\n  };\r\n<\/script>\r\n<script async src=\"https:\/\/cdn.neetocal.com\/javascript\/embed.js\"><\/script>\r\n\r\n<script>\r\n  function detectSiteLang() {\r\n    \/\/ If your site uses \/tr\/, \/ar\/, \/fa\/ in the URL\r\n    var firstSeg = (location.pathname.split('\/')[1] || '').toLowerCase();\r\n    var supported = ['en','tr','ar','fa','el'];\r\n    if (supported.indexOf(firstSeg) !== -1) return firstSeg;\r\n\r\n    \/\/ Fallback to <html lang=\"tr-TR\"> -> \"tr\"\r\n    var htmlLang = (document.documentElement.lang || '').toLowerCase().split('-')[0];\r\n    if (supported.indexOf(htmlLang) !== -1) return htmlLang;\r\n\r\n    return 'en';\r\n  }\r\n\r\n  var lang = detectSiteLang();\r\n\r\n  neetoCal.embed({\r\n    type: \"inline\",\r\n    id: \"69e5d934-e308-4d1f-9f84-f1371c294e83\",\r\n    organization: \"greecegoldenvisa\",\r\n    elementSelector: \"#inline-embed-container\",\r\n    styles: \"height: 100%; width: 100%;\",\r\n    queryParams: {\r\n      dynamicHeight: true,\r\n      lang: lang   \/\/ \u2705 NeetoCal language param\r\n    },\r\n    isSidebarAndCoverImgHidden: \"false\",\r\n    shouldForwardQueryParams: \"false\"\r\n  });\r\n<\/script>\r\n<!-- NeetoCal inline embed code ends -->\t\t\t\t<\/div>\n\t\t\t\t<\/div>\n\t\t\t\t\t<\/div>\n\t\t\t\t<\/div>\n\t\t\t\t<section class=\"elementor-section elementor-top-section elementor-element elementor-element-2ca6617 elementor-section-boxed elementor-section-height-default elementor-section-height-default\" data-id=\"2ca6617\" data-element_type=\"section\" data-e-type=\"section\">\n\t\t\t\t\t\t<div class=\"elementor-container elementor-column-gap-default\">\n\t\t\t\t\t<div class=\"elementor-column elementor-col-20 elementor-top-column elementor-element elementor-element-4d0ff2c\" data-id=\"4d0ff2c\" data-element_type=\"column\" data-e-type=\"column\">\n\t\t\t<div class=\"elementor-widget-wrap elementor-element-populated\">\n\t\t\t\t\t\t<div class=\"elementor-element elementor-element-d1bd4b6 elementor-widget elementor-widget-hub_fancy_heading\" data-id=\"d1bd4b6\" data-element_type=\"widget\" data-e-type=\"widget\" data-widget_type=\"hub_fancy_heading.default\">\n\t\t\t\t<div class=\"elementor-widget-container\">\n\t\t\t\t\t\n\t\t<div id=\"ld-fancy-heading-69fb579e67f8d\" class=\"ld-fancy-heading pos-rel\">\n\t\t\t<p class=\"ld-fh-element d-inline-block pos-rel  lqd-highlight-classic lqd-highlight-grow-left p\"  > Mesaj G\u00f6nderin\n<\/p>\t\t<\/div>\n\n\t\t\t\t\t\t<\/div>\n\t\t\t\t<\/div>\n\t\t\t\t<div class=\"elementor-element elementor-element-3803274 elementor-widget elementor-widget-hub_fancy_heading\" data-id=\"3803274\" data-element_type=\"widget\" data-e-type=\"widget\" data-widget_type=\"hub_fancy_heading.default\">\n\t\t\t\t<div class=\"elementor-widget-container\">\n\t\t\t\t\t\n\t\t<div id=\"ld-fancy-heading-69fb579e68a70\" class=\"ld-fancy-heading pos-rel\">\n\t\t\t<h6 class=\"ld-fh-element d-inline-block pos-rel  elementor-heading-title lqd-highlight-classic lqd-highlight-grow-left h6\" ><a href=\"tel:+306985578998\" > \u00dccretsiz Dan\u0131\u015fmanl\u0131k Al\u0131n<\/a><\/h6>\t\t<\/div>\n\n\t\t\t\t\t\t<\/div>\n\t\t\t\t<\/div>\n\t\t\t\t\t<\/div>\n\t\t<\/div>\n\t\t\t\t<div class=\"elementor-column elementor-col-20 elementor-top-column elementor-element elementor-element-a460fa9\" data-id=\"a460fa9\" data-element_type=\"column\" data-e-type=\"column\">\n\t\t\t<div class=\"elementor-widget-wrap elementor-element-populated\">\n\t\t\t\t\t\t<div class=\"elementor-element elementor-element-e1ca8cf elementor-widget-divider--view-line elementor-widget elementor-widget-divider\" data-id=\"e1ca8cf\" data-element_type=\"widget\" data-e-type=\"widget\" data-widget_type=\"divider.default\">\n\t\t\t\t<div class=\"elementor-widget-container\">\n\t\t\t\t\t\t\t<div class=\"elementor-divider\">\n\t\t\t<span class=\"elementor-divider-separator\">\n\t\t\t\t\t\t<\/span>\n\t\t<\/div>\n\t\t\t\t\t\t<\/div>\n\t\t\t\t<\/div>\n\t\t\t\t\t<\/div>\n\t\t<\/div>\n\t\t\t\t<div class=\"elementor-column elementor-col-20 elementor-top-column elementor-element elementor-element-d3745b2\" data-id=\"d3745b2\" data-element_type=\"column\" data-e-type=\"column\">\n\t\t\t<div class=\"elementor-widget-wrap elementor-element-populated\">\n\t\t\t\t\t\t<div class=\"elementor-element elementor-element-3ce97a1 elementor-widget elementor-widget-hub_fancy_heading\" data-id=\"3ce97a1\" data-element_type=\"widget\" data-e-type=\"widget\" data-widget_type=\"hub_fancy_heading.default\">\n\t\t\t\t<div class=\"elementor-widget-container\">\n\t\t\t\t\t\n\t\t<div id=\"ld-fancy-heading-69fb579e6b27c\" class=\"ld-fancy-heading pos-rel\">\n\t\t\t<p class=\"ld-fh-element d-inline-block pos-rel  lqd-highlight-classic lqd-highlight-grow-left p\"  > Pazartesi-Cuma: 08:00-21:00\n\n<\/p>\t\t<\/div>\n\n\t\t\t\t\t\t<\/div>\n\t\t\t\t<\/div>\n\t\t\t\t<div class=\"elementor-element elementor-element-a6a4be9 elementor-widget elementor-widget-hub_fancy_heading\" data-id=\"a6a4be9\" data-element_type=\"widget\" data-e-type=\"widget\" data-widget_type=\"hub_fancy_heading.default\">\n\t\t\t\t<div class=\"elementor-widget-container\">\n\t\t\t\t\t\n\t\t<div id=\"ld-fancy-heading-69fb579e6bc98\" class=\"ld-fancy-heading pos-rel\">\n\t\t\t<h6 class=\"ld-fh-element d-inline-block pos-rel  elementor-heading-title lqd-highlight-classic lqd-highlight-grow-left h6\"  > +30 698 557 8998\n\n<\/h6>\t\t<\/div>\n\n\t\t\t\t\t\t<\/div>\n\t\t\t\t<\/div>\n\t\t\t\t\t<\/div>\n\t\t<\/div>\n\t\t\t\t<div class=\"elementor-column elementor-col-20 elementor-top-column elementor-element elementor-element-e41da2f\" data-id=\"e41da2f\" data-element_type=\"column\" data-e-type=\"column\">\n\t\t\t<div class=\"elementor-widget-wrap elementor-element-populated\">\n\t\t\t\t\t\t<div class=\"elementor-element elementor-element-0e6b089 elementor-widget-divider--view-line elementor-widget elementor-widget-divider\" data-id=\"0e6b089\" data-element_type=\"widget\" data-e-type=\"widget\" data-widget_type=\"divider.default\">\n\t\t\t\t<div class=\"elementor-widget-container\">\n\t\t\t\t\t\t\t<div class=\"elementor-divider\">\n\t\t\t<span class=\"elementor-divider-separator\">\n\t\t\t\t\t\t<\/span>\n\t\t<\/div>\n\t\t\t\t\t\t<\/div>\n\t\t\t\t<\/div>\n\t\t\t\t\t<\/div>\n\t\t<\/div>\n\t\t\t\t<div class=\"elementor-column elementor-col-20 elementor-top-column elementor-element elementor-element-04c1b7d\" data-id=\"04c1b7d\" data-element_type=\"column\" data-e-type=\"column\">\n\t\t\t<div class=\"elementor-widget-wrap elementor-element-populated\">\n\t\t\t\t\t\t<div class=\"elementor-element elementor-element-e2ec95d elementor-widget elementor-widget-hub_fancy_heading\" data-id=\"e2ec95d\" data-element_type=\"widget\" data-e-type=\"widget\" data-widget_type=\"hub_fancy_heading.default\">\n\t\t\t\t<div class=\"elementor-widget-container\">\n\t\t\t\t\t\n\t\t<div id=\"ld-fancy-heading-69fb579e6dbda\" class=\"ld-fancy-heading pos-rel\">\n\t\t\t<p class=\"ld-fh-element d-inline-block pos-rel  lqd-highlight-classic lqd-highlight-grow-left p\"  > Alt\u0131n Vize s\u00fcrecinizde size yard\u0131mc\u0131 olmak i\u00e7in buraday\u0131z.<\/p>\t\t<\/div>\n\n\t\t\t\t\t\t<\/div>\n\t\t\t\t<\/div>\n\t\t\t\t<div class=\"elementor-element elementor-element-f4a04c2 elementor-widget elementor-widget-hub_fancy_heading\" data-id=\"f4a04c2\" data-element_type=\"widget\" data-e-type=\"widget\" data-widget_type=\"hub_fancy_heading.default\">\n\t\t\t\t<div class=\"elementor-widget-container\">\n\t\t\t\t\t\n\t\t<div id=\"ld-fancy-heading-69fb579e6e604\" class=\"ld-fancy-heading pos-rel\">\n\t\t\t<h6 class=\"ld-fh-element d-inline-block pos-rel  elementor-heading-title lqd-highlight-classic lqd-highlight-grow-left h6\"  > info@greecegoldenvisa.com.gr\n<\/h6>\t\t<\/div>\n\n\t\t\t\t\t\t<\/div>\n\t\t\t\t<\/div>\n\t\t\t\t\t<\/div>\n\t\t<\/div>\n\t\t\t\t\t<\/div>\n\t\t<\/section>\n\t\t\t\t<\/div>\n\t\t","protected":false},"excerpt":{"rendered":"<p>Mesaj G\u00f6nderin \u00dccretsiz Dan\u0131\u015fmanl\u0131k Al\u0131n Pazartesi-Cuma: 08:00-21:00 +30 698 557 8998 Alt\u0131n Vize s\u00fcrecinizde size yard\u0131mc\u0131 olmak i\u00e7in buraday\u0131z. info@greecegoldenvisa.com.gr<\/p>\n","protected":false},"author":1,"featured_media":0,"parent":0,"menu_order":0,"comment_status":"closed","ping_status":"closed","template":"elementor_canvas","meta":{"footnotes":""},"class_list":["post-16536","page","type-page","status-publish","hentry"],"_links":{"self":[{"href":"https:\/\/greecegoldenvisa.com.gr\/tr\/wp-json\/wp\/v2\/pages\/16536","targetHints":{"allow":["GET"]}}],"collection":[{"href":"https:\/\/greecegoldenvisa.com.gr\/tr\/wp-json\/wp\/v2\/pages"}],"about":[{"href":"https:\/\/greecegoldenvisa.com.gr\/tr\/wp-json\/wp\/v2\/types\/page"}],"author":[{"embeddable":true,"href":"https:\/\/greecegoldenvisa.com.gr\/tr\/wp-json\/wp\/v2\/users\/1"}],"replies":[{"embeddable":true,"href":"https:\/\/greecegoldenvisa.com.gr\/tr\/wp-json\/wp\/v2\/comments?post=16536"}],"version-history":[{"count":0,"href":"https:\/\/greecegoldenvisa.com.gr\/tr\/wp-json\/wp\/v2\/pages\/16536\/revisions"}],"wp:attachment":[{"href":"https:\/\/greecegoldenvisa.com.gr\/tr\/wp-json\/wp\/v2\/media?parent=16536"}],"curies":[{"name":"wp","href":"https:\/\/api.w.org\/{rel}","templated":true}]}}